{"id":935,"date":"2015-04-29T12:05:40","date_gmt":"2015-04-29T12:05:40","guid":{"rendered":"https:\/\/www.united-against-waste.ch\/?page_id=935"},"modified":"2025-03-06T07:39:19","modified_gmt":"2025-03-06T07:39:19","slug":"evenements","status":"publish","type":"page","link":"https:\/\/united-against-waste.ch\/fr\/evenements\/","title":{"rendered":"\u00c9v\u00e9nements"},"content":{"rendered":"\n<p>Ces \u00e9v\u00e9nements sont actuellement pr\u00e9vus. O\u00f9 pouvons-nous vous rencontrer ?<\/p>\n","protected":false},"excerpt":{"rendered":"<p>Ces \u00e9v\u00e9nements sont actuellement pr\u00e9vus. O\u00f9 pouvons-nous vous rencontrer ?<\/p>\n","protected":false},"author":271,"featured_media":0,"parent":0,"menu_order":2,"comment_status":"open","ping_status":"open","template":"page-events.php","meta":{"inline_featured_image":false,"footnotes":""},"class_list":["post-935","page","type-page","status-publish","hentry"],"acf":[],"aioseo_notices":[],"_links":{"self":[{"href":"https:\/\/united-against-waste.ch\/fr\/wp-json\/wp\/v2\/pages\/935","targetHints":{"allow":["GET"]}}],"collection":[{"href":"https:\/\/united-against-waste.ch\/fr\/wp-json\/wp\/v2\/pages"}],"about":[{"href":"https:\/\/united-against-waste.ch\/fr\/wp-json\/wp\/v2\/types\/page"}],"author":[{"embeddable":true,"href":"https:\/\/united-against-waste.ch\/fr\/wp-json\/wp\/v2\/users\/271"}],"replies":[{"embeddable":true,"href":"https:\/\/united-against-waste.ch\/fr\/wp-json\/wp\/v2\/comments?post=935"}],"version-history":[{"count":8,"href":"https:\/\/united-against-waste.ch\/fr\/wp-json\/wp\/v2\/pages\/935\/revisions"}],"predecessor-version":[{"id":7569,"href":"https:\/\/united-against-waste.ch\/fr\/wp-json\/wp\/v2\/pages\/935\/revisions\/7569"}],"wp:attachment":[{"href":"https:\/\/united-against-waste.ch\/fr\/wp-json\/wp\/v2\/media?parent=935"}],"curies":[{"name":"wp","href":"https:\/\/api.w.org\/{rel}","templated":true}]}}