{"id":7960,"date":"2025-07-18T08:58:02","date_gmt":"2025-07-18T08:58:02","guid":{"rendered":"https:\/\/united-against-waste.ch\/?page_id=7960"},"modified":"2026-03-06T16:18:13","modified_gmt":"2026-03-06T16:18:13","slug":"portail-de-formation","status":"publish","type":"page","link":"https:\/\/united-against-waste.ch\/fr\/portail-de-formation\/","title":{"rendered":"Le portail de formation de United Against Waste"},"content":{"rendered":"\n<p><strong>D\u00e9couvrez le portail central de formation pour tous ceux qui s&#8217;engagent activement pour Food Save.<\/strong><br>Vous y trouverez un concentr\u00e9 de savoir-faire, des bonnes pratiques inspirantes et des offres de formation continue pratiques &#8211; actuelles, pertinentes et r\u00e9alisables.<\/p>\n\n\n\n<p>Que vous poursuiviez des objectifs concrets ou que vous souhaitiez \u00e9largir vos connaissances : Nous vous aidons \u00e0 d\u00e9velopper des comp\u00e9tences Food Save, \u00e0 rendre les succ\u00e8s visibles et \u00e0 mettre en pratique des solutions efficaces. <\/p>\n\n\n\n<p><strong>Vous avez une offre sur le th\u00e8me du Food Save ?<\/strong> Nous nous ferons un plaisir de l&#8217;int\u00e9grer dans notre portail de formation. <a href=\"https:\/\/foodwaysconsulting.activehosted.com\/f\/219\" target=\"_blank\" rel=\"noopener\" title=\"\">Cliquez ici pour soumettre votre offre<\/a>.<\/p>\n\n\n\n<div class=\"wp-block-group\"><div class=\"wp-block-group__inner-container is-layout-constrained wp-block-group-is-layout-constrained\">\n<div style=\"height:20px\" aria-hidden=\"true\" class=\"wp-block-spacer\"><\/div>\n\n\n\n<p style=\"font-size:14px\">Avec le soutien financier de :<\/p>\n\n\n\n<div style=\"height:10px\" aria-hidden=\"true\" class=\"wp-block-spacer\"><\/div>\n\n\n\n<figure class=\"wp-block-image size-full is-resized\"><img decoding=\"async\" width=\"793\" height=\"318\" data-src=\"https:\/\/united-against-waste.ch\/smush-webp\/2025\/09\/BAFU_f_RGB_pos_hoch.png.webp\" alt=\"\" class=\"wp-image-8658 lazyload\" style=\"--smush-placeholder-width: 793px; --smush-placeholder-aspect-ratio: 793\/318;width:250px\" data-srcset=\"https:\/\/united-against-waste.ch\/smush-webp\/2025\/09\/BAFU_f_RGB_pos_hoch.png.webp 793w, https:\/\/united-against-waste.ch\/smush-webp\/2025\/09\/BAFU_f_RGB_pos_hoch-300x120.png.webp 300w, https:\/\/united-against-waste.ch\/smush-webp\/2025\/09\/BAFU_f_RGB_pos_hoch-768x308.png.webp 768w, https:\/\/united-against-waste.ch\/smush-webp\/2025\/09\/BAFU_f_RGB_pos_hoch-175x70.png.webp 175w\" data-sizes=\"auto\" src=\"data:image\/svg+xml;base64,PHN2ZyB3aWR0aD0iMSIgaGVpZ2h0PSIxIiB4bWxucz0iaHR0cDovL3d3dy53My5vcmcvMjAwMC9zdmciPjwvc3ZnPg==\" data-original-sizes=\"(max-width: 793px) 100vw, 793px\" \/><\/figure>\n\n\n\n<div style=\"height:20px\" aria-hidden=\"true\" class=\"wp-block-spacer\"><\/div>\n<\/div><\/div>\n\n\n\n<p><em><em>F\u00fcr <strong><a href=\"https:\/\/united-against-waste.ch\/bildungsportal\/\" title=\"\">deutschsprachige Angebote<\/a><\/strong>, nutzen Sie bitte die deutsche Spracheinstellung der Homepage. Alle verf\u00fcgbaren Sprachen sind jeweils im Angebot vermerkt.<\/em><\/em><\/p>\n","protected":false},"excerpt":{"rendered":"<p>D\u00e9couvrez le portail central de formation pour tous ceux qui s&#8217;engagent activement pour Food Save.Vous y trouverez un concentr\u00e9 de savoir-faire, des bonnes pratiques inspirantes et des offres de formation continue pratiques &#8211; actuelles, pertinentes et r\u00e9alisables. Que vous poursuiviez&#8230;<\/p>\n","protected":false},"author":270,"featured_media":0,"parent":0,"menu_order":0,"comment_status":"closed","ping_status":"closed","template":"page-portal.php","meta":{"inline_featured_image":false,"footnotes":""},"class_list":["post-7960","page","type-page","status-publish","hentry"],"acf":[],"aioseo_notices":[],"_links":{"self":[{"href":"https:\/\/united-against-waste.ch\/fr\/wp-json\/wp\/v2\/pages\/7960","targetHints":{"allow":["GET"]}}],"collection":[{"href":"https:\/\/united-against-waste.ch\/fr\/wp-json\/wp\/v2\/pages"}],"about":[{"href":"https:\/\/united-against-waste.ch\/fr\/wp-json\/wp\/v2\/types\/page"}],"author":[{"embeddable":true,"href":"https:\/\/united-against-waste.ch\/fr\/wp-json\/wp\/v2\/users\/270"}],"replies":[{"embeddable":true,"href":"https:\/\/united-against-waste.ch\/fr\/wp-json\/wp\/v2\/comments?post=7960"}],"version-history":[{"count":21,"href":"https:\/\/united-against-waste.ch\/fr\/wp-json\/wp\/v2\/pages\/7960\/revisions"}],"predecessor-version":[{"id":9455,"href":"https:\/\/united-against-waste.ch\/fr\/wp-json\/wp\/v2\/pages\/7960\/revisions\/9455"}],"wp:attachment":[{"href":"https:\/\/united-against-waste.ch\/fr\/wp-json\/wp\/v2\/media?parent=7960"}],"curies":[{"name":"wp","href":"https:\/\/api.w.org\/{rel}","templated":true}]}}