{"id":7675,"date":"2013-11-11T13:01:34","date_gmt":"2013-11-11T13:01:34","guid":{"rendered":"https:\/\/united-against-waste.ch\/qui-sommes-nous\/"},"modified":"2013-11-11T13:01:34","modified_gmt":"2013-11-11T13:01:34","slug":"qui-sommes-nous","status":"publish","type":"page","link":"https:\/\/united-against-waste.ch\/fr\/qui-sommes-nous\/","title":{"rendered":"Qui sommes-nous"},"content":{"rendered":"<p>Chef de projet S\u00e9curit\u00e9 alimentaireResponsable de la gastronomie<\/p>\n<h1>Was ist United Against Waste?<\/h1>\n<p><div class=\"row  \"><div class=\"col-md-8\"><\/p>\n<p>Der Verein United Against Waste ist ein Branchenzusammenschluss im Food Service Sektor und engagiert sich aktiv f\u00fcr eine Reduktion von Food Waste im Ausser-Haus-Konsum.<\/p>\n<p>Gem\u00e4ss aktuellen Sch\u00e4tzungen fallen j\u00e4hrlich rund 265\u2018000 Tonnen<sup><a title=\"\" href=\"#footnote1\">1<\/a><\/sup> vermeidbare Lebensmittelabf\u00e4lle in der Wertsch\u00f6pfungskette des Ausser-Haus-Konsums an. Dies entspricht etwa 12% der Abf\u00e4lle des gesamten Schweizer Ern\u00e4hrungssektors.<\/p>\n<p>In diesem Kontext verfolgt United Against Waste einen Supply-Chain-Ansatz innerhalb der Ausser-Haus-Branche. Dies erm\u00f6glicht L\u00f6sungsans\u00e4tze an allen Schnittstellen zwischen Feld und Teller und verspricht somit das gr\u00f6sste Wirkungspotential. Der Verein wird damit zu einer innovativen Plattform mit \u00fcbergreifendem Charakter.<br \/>\n<\/div><div class=\"col-md-4\"><br \/>\n<img decoding=\"async\" class=\"size-full wp-image-214 aligncenter lazyload\" data-src=\"https:\/\/united-against-waste.ch\/uploads\/2013\/11\/about_logo_uaw.png\" alt=\"about_logo_uaw\" width=\"295\" height=\"119\" src=\"data:image\/svg+xml;base64,PHN2ZyB3aWR0aD0iMSIgaGVpZ2h0PSIxIiB4bWxucz0iaHR0cDovL3d3dy53My5vcmcvMjAwMC9zdmciPjwvc3ZnPg==\" style=\"--smush-placeholder-width: 295px; --smush-placeholder-aspect-ratio: 295\/119;\"><br \/>\n<\/div><\/div><br \/>\n<div class=\"row white fullwidth\"><div class=\"col-md-4\">\n\t<div class=\"box\">\n\t<div class=\"box-title\">\n\t<h2>Mission<\/h2>\n\t<\/div>\n\t<div class=\"box-image\">\n\t<img decoding=\"async\" data-src=\"https:\/\/united-against-waste.ch\/wp-content\/themes\/united-against-waste\/assets\/img\/icon-mission.png\" alt=\"mission\" width=\"150\" height=\"150\" src=\"data:image\/svg+xml;base64,PHN2ZyB3aWR0aD0iMSIgaGVpZ2h0PSIxIiB4bWxucz0iaHR0cDovL3d3dy53My5vcmcvMjAwMC9zdmciPjwvc3ZnPg==\" class=\"lazyload\" style=\"--smush-placeholder-width: 150px; --smush-placeholder-aspect-ratio: 150\/150;\">\n\t<\/div>\n\t<div class=\"box-content\">\n\t<br \/>\nUnited Against Waste erarbeitet praxisnahe L\u00f6sungsans\u00e4tze gegen Food Waste und stellt diese der Branche zur Verf\u00fcgung. Im Zentrum stehen:<\/p>\n<ul>\n<li>Sensibilisierung f\u00fcr die Problematik<\/li>\n<li>Erarbeitung und Verbreitung von praxisgerechten und innovativen&nbsp;L\u00f6sungsans\u00e4tzen<\/li>\n<li>Vernetzung von Stakeholdern<\/li>\n<li>Wirkungsvoller&nbsp;Ansprech- und Kooperationspartner im Thema Lebensmittelabf\u00e4lle im Ausser-Haus-Konsum<\/li>\n<\/ul>\n<p>\n\t<\/div>\n\n\t<\/div>\n\t<\/div><div class=\"col-md-4\">\n\t<div class=\"box\">\n\t<div class=\"box-title\">\n\t<h2>Vision<\/h2>\n\t<\/div>\n\t<div class=\"box-image\">\n\t<img decoding=\"async\" data-src=\"https:\/\/united-against-waste.ch\/wp-content\/themes\/united-against-waste\/assets\/img\/icon-vision.png\" alt=\"vision\" width=\"150\" height=\"150\" src=\"data:image\/svg+xml;base64,PHN2ZyB3aWR0aD0iMSIgaGVpZ2h0PSIxIiB4bWxucz0iaHR0cDovL3d3dy53My5vcmcvMjAwMC9zdmciPjwvc3ZnPg==\" class=\"lazyload\" style=\"--smush-placeholder-width: 150px; --smush-placeholder-aspect-ratio: 150\/150;\">\n\t<\/div>\n\t<div class=\"box-content\">\n\t<br \/>\nWir halbieren gemeinsam Lebensmittelabfall entlang der Wertsch\u00f6pfungskette des Ausser-Haus-Konsums.<sup><a title=\"\" href=\"#footnote2\">2<\/a><\/sup><br \/>\n\n\t<\/div>\n\n\t<\/div>\n\t<\/div><div class=\"col-md-4\">\n\t<div class=\"box\">\n\t<div class=\"box-title\">\n\t<h2>Vorstand<\/h2>\n\t<\/div>\n\t<div class=\"box-image\">\n\t<img decoding=\"async\" data-src=\"https:\/\/united-against-waste.ch\/wp-content\/themes\/united-against-waste\/assets\/img\/icon-vorstand.png\" alt=\"vorstand\" width=\"150\" height=\"150\" src=\"data:image\/svg+xml;base64,PHN2ZyB3aWR0aD0iMSIgaGVpZ2h0PSIxIiB4bWxucz0iaHR0cDovL3d3dy53My5vcmcvMjAwMC9zdmciPjwvc3ZnPg==\" class=\"lazyload\" style=\"--smush-placeholder-width: 150px; --smush-placeholder-aspect-ratio: 150\/150;\">\n\t<\/div>\n\t<div class=\"box-content\">\n\t<br \/>\nDer Vorstand von United Against Waste vertritt den Verein nach aussen und definiert die Vereinsstrategie.<\/p>\n<h5><strong>Pr\u00e4sident:<\/strong><br \/>\n<i><\/i><\/h5>\n<p>Andr\u00e9 von Steiger<br \/>\n(Leiter Verkauf, Pistor AG)<\/p>\n<h5><strong>Vizepr\u00e4sident:<\/strong><\/h5>\n<p>Heinz Nussbaumer<br \/>\n(Leitung Strategie- und Gesch\u00e4ftsentwicklung, Pistor AG)<\/p>\n<h5><b>Vorstandsmitglieder:<\/b><\/h5>\n<p>Erich Joss<br \/>\n(Leiter Human Resources, Transgourmet Schweiz AG)<\/p>\n<p>Florian D\u00fcbendorfer<br \/>\n(Verkaufsleiter KAM, Unilever Food Solutions)<\/p>\n<p>Isabel Nuijens<br \/>\n(Head of Food Marketing, Nestl\u00e9 Professional)<\/p>\n<p>Andr\u00e9 H\u00fcsler <em>(Revisionsstelle)<\/em><br \/>\n(Unternehmensleiter, Saviva AG)<\/p>\n<p>Gilbert Philipona<br \/>\n(Leiter Einkauf und Warenbewirtschaftung, ZFV-Unternehmungen)<\/p>\n<p>Axel Dr\u00f6ge<br \/>\n(Manager Culinary Development, Compass Group AG)<\/p>\n<p>Patrick A. Reiter<br \/>\n(Vorstandsmitglied, SVG)<\/p>\n<p>Sascha Schwarzkopf<br \/>\n(Koordinator Wirtschaftspolitik, GastroSuisse)<\/p>\n<p>Sonja Seiffert<br \/>\n(Leitung Stabsstelle Nachhaltige Entwicklung, hotelleriesuisse)<\/p>\n<p>\n\t<\/div>\n\n\t<\/div>\n\t<\/div><\/p>\n<p>&nbsp;<\/p>\n<hr align=\"left\" size=\"1\" width=\"33%\">\n<p><a id=\"footnote1\" title=\"\" href=\"#footnote1\">1<\/a>&nbsp;Beretta, C., Stoessel, F., Baier, U. Hellweg, S. (2012): Quantifying food losses and the potential for reduction in Switzerland. Waste Management, Vol. 33, No. 3, S. 764-773.<\/p>\n<p><a id=\"footnote2\" title=\"\" href=\"#footnote2\">2<\/a> Angelehnt an die offiziellen Ziele der Europ\u00e4ischen Kommission.<\/p>\n<p><\/div><\/p>\n<div class=\"row  \"><div class=\"col-md-8\"><\/p>\n<h1>Gesch\u00e4ftsstelle<\/h1>\n<p>Die Vereinsgesch\u00e4fte werden von der <a href=\"http:\/\/foodways.ch\" target=\"_blank\" rel=\"noopener noreferrer\">Foodways Consulting GmbH<\/a> mit Sitz in Bern gef\u00fchrt. Die Gesch\u00e4ftstelle koordiniert Projekte und f\u00fchrt den Verein organisatorisch.<\/p>\n<p>Foodways Consulting GmbH<br \/>\nBollwerk 35<br \/>\nCH &#8211; 3011 Bern<\/p>\n<p>&nbsp;<\/p>\n<p><\/div><div class=\"col-md-4\"><br \/>\n<img decoding=\"async\" class=\"aligncenter size-full wp-image-226 lazyload\" data-src=\"https:\/\/united-against-waste.ch\/smush-webp\/2013\/11\/about_icon4@2x.png.webp\" alt=\"about_icon4@2x\" width=\"150\" height=\"150\" data-srcset=\"https:\/\/united-against-waste.ch\/smush-webp\/2013\/11\/about_icon4@2x.png.webp 300w, https:\/\/united-against-waste.ch\/smush-webp\/2013\/11\/about_icon4@2x-150x150.png.webp 150w, https:\/\/united-against-waste.ch\/smush-webp\/2013\/11\/about_icon4@2x-600x600.png.webp 600w, https:\/\/united-against-waste.ch\/smush-webp\/2013\/11\/about_icon4@2x-140x140.png.webp 140w\" data-sizes=\"auto\" src=\"data:image\/svg+xml;base64,PHN2ZyB3aWR0aD0iMSIgaGVpZ2h0PSIxIiB4bWxucz0iaHR0cDovL3d3dy53My5vcmcvMjAwMC9zdmciPjwvc3ZnPg==\" style=\"--smush-placeholder-width: 150px; --smush-placeholder-aspect-ratio: 150\/150;\" data-original-sizes=\"(max-width: 150px) 100vw, 150px\" \/><br \/>\n<\/div><\/div>\n","protected":false},"excerpt":{"rendered":"<p>Chef de projet S\u00e9curit\u00e9 alimentaireResponsable de la gastronomie Was ist United Against Waste?<\/p>\n","protected":false},"author":271,"featured_media":7678,"parent":0,"menu_order":12,"comment_status":"open","ping_status":"open","template":"page-about.php","meta":{"inline_featured_image":false,"footnotes":""},"class_list":["post-7675","page","type-page","status-publish","has-post-thumbnail","hentry"],"acf":[],"aioseo_notices":[],"_links":{"self":[{"href":"https:\/\/united-against-waste.ch\/fr\/wp-json\/wp\/v2\/pages\/7675","targetHints":{"allow":["GET"]}}],"collection":[{"href":"https:\/\/united-against-waste.ch\/fr\/wp-json\/wp\/v2\/pages"}],"about":[{"href":"https:\/\/united-against-waste.ch\/fr\/wp-json\/wp\/v2\/types\/page"}],"author":[{"embeddable":true,"href":"https:\/\/united-against-waste.ch\/fr\/wp-json\/wp\/v2\/users\/271"}],"replies":[{"embeddable":true,"href":"https:\/\/united-against-waste.ch\/fr\/wp-json\/wp\/v2\/comments?post=7675"}],"version-history":[{"count":0,"href":"https:\/\/united-against-waste.ch\/fr\/wp-json\/wp\/v2\/pages\/7675\/revisions"}],"wp:featuredmedia":[{"embeddable":true,"href":"https:\/\/united-against-waste.ch\/fr\/wp-json\/wp\/v2\/media\/7678"}],"wp:attachment":[{"href":"https:\/\/united-against-waste.ch\/fr\/wp-json\/wp\/v2\/media?parent=7675"}],"curies":[{"name":"wp","href":"https:\/\/api.w.org\/{rel}","templated":true}]}}