{"id":6600,"date":"2015-04-29T09:46:35","date_gmt":"2015-04-29T09:46:35","guid":{"rendered":"https:\/\/www.united-against-waste.ch\/etudes-2\/"},"modified":"2024-05-16T14:50:52","modified_gmt":"2024-05-16T14:50:52","slug":"histoires-de-reussite","status":"publish","type":"page","link":"https:\/\/united-against-waste.ch\/fr\/histoires-de-reussite\/","title":{"rendered":"Histoires de r\u00e9ussite"},"content":{"rendered":"<p><strong>Que se passe-t-il lorsque des entreprises luttent ensemble pendant 365 jours contre le Food Waste ?<\/strong> <strong>Des histoires de succ\u00e8s et d&#8217;\u00e9chec, de souffrance et de bonheur, d&#8217;engagement et de r\u00e9compense.<\/strong> Nos Food Save Stories \u00e9meuvent et inspirent tout le monde. Elles aident les associations, les entreprises, les cantons et la population se mobiliser contre le gaspillage alimentaire. Elles montrent comment des entreprises individuelles peuvent r\u00e9duire de mani\u00e8re exemplaire leurs exc\u00e9dents et leurs d\u00e9chets gr\u00e2ce \u00e0 leur engagement et nous s\u00e9duisent tous par leur charme naturel. Parcourez ces articles !<\/p>\n","protected":false},"excerpt":{"rendered":"<p>Que se passe-t-il lorsque des entreprises luttent ensemble pendant 365 jours contre le Food Waste ? Des histoires de succ\u00e8s et d&#8217;\u00e9chec, de souffrance et de bonheur, d&#8217;engagement et de r\u00e9compense. Nos Food Save Stories \u00e9meuvent et inspirent tout le&#8230;<\/p>\n","protected":false},"author":271,"featured_media":0,"parent":0,"menu_order":1,"comment_status":"open","ping_status":"closed","template":"template-tools.php","meta":{"inline_featured_image":false,"footnotes":""},"class_list":["post-6600","page","type-page","status-publish","hentry"],"acf":[],"aioseo_notices":[],"_links":{"self":[{"href":"https:\/\/united-against-waste.ch\/fr\/wp-json\/wp\/v2\/pages\/6600","targetHints":{"allow":["GET"]}}],"collection":[{"href":"https:\/\/united-against-waste.ch\/fr\/wp-json\/wp\/v2\/pages"}],"about":[{"href":"https:\/\/united-against-waste.ch\/fr\/wp-json\/wp\/v2\/types\/page"}],"author":[{"embeddable":true,"href":"https:\/\/united-against-waste.ch\/fr\/wp-json\/wp\/v2\/users\/271"}],"replies":[{"embeddable":true,"href":"https:\/\/united-against-waste.ch\/fr\/wp-json\/wp\/v2\/comments?post=6600"}],"version-history":[{"count":1,"href":"https:\/\/united-against-waste.ch\/fr\/wp-json\/wp\/v2\/pages\/6600\/revisions"}],"predecessor-version":[{"id":6604,"href":"https:\/\/united-against-waste.ch\/fr\/wp-json\/wp\/v2\/pages\/6600\/revisions\/6604"}],"wp:attachment":[{"href":"https:\/\/united-against-waste.ch\/fr\/wp-json\/wp\/v2\/media?parent=6600"}],"curies":[{"name":"wp","href":"https:\/\/api.w.org\/{rel}","templated":true}]}}