{"id":655,"date":"2014-10-15T00:52:41","date_gmt":"2014-10-15T00:52:41","guid":{"rendered":"https:\/\/www.united-against-waste.ch\/?page_id=655"},"modified":"2014-10-15T00:52:41","modified_gmt":"2014-10-15T00:52:41","slug":"login","status":"publish","type":"page","link":"https:\/\/united-against-waste.ch\/fr\/login\/","title":{"rendered":"Login"},"content":{"rendered":"<h2 class=\"p1\">Bienvenu sur la page de login pour les membres de United Against Waste.<\/h2>\n<p>&nbsp;<\/p>\n<p class=\"p1\">Veuillez vous enregistrer pour obtenir acc\u00e8s \u00e0 l&#8217;espace r\u00e9serv\u00e9 aux membres.<\/p>\n<p class=\"p1\">Si vous n&#8217;\u00eates pas encore un membre de United Against Waste, vous pouvez trouver toutes les informations importantes ici &#8211; comment devenir membre et les b\u00e9n\u00e9fices q&#8217;une affiliation vous offre.<\/p>\n<p class=\"p1\">\n","protected":false},"excerpt":{"rendered":"<p>Bienvenu sur la page de login pour les membres de United Against Waste. &nbsp; Veuillez vous enregistrer pour obtenir acc\u00e8s \u00e0 l&#8217;espace r\u00e9serv\u00e9 aux membres. Si vous n&#8217;\u00eates pas encore un membre de United Against Waste, vous pouvez trouver toutes&#8230;<\/p>\n","protected":false},"author":271,"featured_media":0,"parent":0,"menu_order":3,"comment_status":"open","ping_status":"open","template":"page-login.php","meta":{"inline_featured_image":false,"footnotes":""},"class_list":["post-655","page","type-page","status-publish","hentry"],"acf":[],"aioseo_notices":[],"_links":{"self":[{"href":"https:\/\/united-against-waste.ch\/fr\/wp-json\/wp\/v2\/pages\/655","targetHints":{"allow":["GET"]}}],"collection":[{"href":"https:\/\/united-against-waste.ch\/fr\/wp-json\/wp\/v2\/pages"}],"about":[{"href":"https:\/\/united-against-waste.ch\/fr\/wp-json\/wp\/v2\/types\/page"}],"author":[{"embeddable":true,"href":"https:\/\/united-against-waste.ch\/fr\/wp-json\/wp\/v2\/users\/271"}],"replies":[{"embeddable":true,"href":"https:\/\/united-against-waste.ch\/fr\/wp-json\/wp\/v2\/comments?post=655"}],"version-history":[{"count":1,"href":"https:\/\/united-against-waste.ch\/fr\/wp-json\/wp\/v2\/pages\/655\/revisions"}],"predecessor-version":[{"id":656,"href":"https:\/\/united-against-waste.ch\/fr\/wp-json\/wp\/v2\/pages\/655\/revisions\/656"}],"wp:attachment":[{"href":"https:\/\/united-against-waste.ch\/fr\/wp-json\/wp\/v2\/media?parent=655"}],"curies":[{"name":"wp","href":"https:\/\/api.w.org\/{rel}","templated":true}]}}