{"id":310,"date":"2013-11-19T16:14:37","date_gmt":"2013-11-19T16:14:37","guid":{"rendered":"https:\/\/www.united-against-waste.ch\/?page_id=310"},"modified":"2026-04-07T10:56:27","modified_gmt":"2026-04-07T10:56:27","slug":"devenir-membre","status":"publish","type":"page","link":"https:\/\/united-against-waste.ch\/fr\/devenir-membre\/","title":{"rendered":"Devenir membre"},"content":{"rendered":"<div class=\"row  \"><div class=\"col-md-8\"><\/p>\n<h1><strong>Werden Sie Mitglied<\/strong><br \/>\n<em><span style=\"color: #333333;\">und&nbsp;zeigen Sie Ihr Engagement<\/span><\/em><\/h1>\n<p><\/div><div class=\"col-md-4\"><br \/>\n<img decoding=\"async\" class=\"size-full wp-image-214 aligncenter lazyload\" data-src=\"https:\/\/united-against-waste.ch\/uploads\/2013\/11\/about_logo_uaw.png\" alt=\"about_logo_uaw\" width=\"295\" height=\"119\" src=\"data:image\/svg+xml;base64,PHN2ZyB3aWR0aD0iMSIgaGVpZ2h0PSIxIiB4bWxucz0iaHR0cDovL3d3dy53My5vcmcvMjAwMC9zdmciPjwvc3ZnPg==\" style=\"--smush-placeholder-width: 295px; --smush-placeholder-aspect-ratio: 295\/119;\"><br \/>\n<\/div><\/div>\n<div class=\"row white fullwidth\"><div class=\"col-md-4\">\n\t<div class=\"box\">\n\t<div class=\"box-title\">\n\t<h2>Warum Mitglied werden?<\/h2>\n\t<\/div>\n\t<div class=\"box-image\">\n\t<img decoding=\"async\" data-src=\"https:\/\/united-against-waste.ch\/wp-content\/themes\/united-against-waste\/assets\/img\/icon-member.png\" alt=\"member\" width=\"150\" height=\"150\" src=\"data:image\/svg+xml;base64,PHN2ZyB3aWR0aD0iMSIgaGVpZ2h0PSIxIiB4bWxucz0iaHR0cDovL3d3dy53My5vcmcvMjAwMC9zdmciPjwvc3ZnPg==\" class=\"lazyload\" style=\"--smush-placeholder-width: 150px; --smush-placeholder-aspect-ratio: 150\/150;\">\n\t<\/div>\n\t<div class=\"box-content\">\n\t<\/p>\n<ul>\n<li>Profitieren Sie von verg\u00fcnstigten Angeboten<\/li>\n<li>Beteiligen Sie sich aktiv an Projekten und Arbeitsgruppen<\/li>\n<li>Kommunizieren&nbsp;Sie Ihr Engagement nach&nbsp;Aussen<\/li>\n<li>Zeigen Sie Flagge f\u00fcr eine Reduktion von Lebensmittelabf\u00e4llen<\/li>\n<\/ul>\n<p>\n\t<\/div>\n\n\t<\/div>\n\t<\/div><div class=\"col-md-4\">\n\t<div class=\"box\">\n\t<div class=\"box-title\">\n\t<h2>Wer kann Mitglied werden?<\/h2>\n\t<\/div>\n\t<div class=\"box-image\">\n\t<img decoding=\"async\" data-src=\"https:\/\/united-against-waste.ch\/wp-content\/themes\/united-against-waste\/assets\/img\/icon-thumb.png\" alt=\"thumb\" width=\"150\" height=\"150\" src=\"data:image\/svg+xml;base64,PHN2ZyB3aWR0aD0iMSIgaGVpZ2h0PSIxIiB4bWxucz0iaHR0cDovL3d3dy53My5vcmcvMjAwMC9zdmciPjwvc3ZnPg==\" class=\"lazyload\" style=\"--smush-placeholder-width: 150px; --smush-placeholder-aspect-ratio: 150\/150;\">\n\t<\/div>\n\t<div class=\"box-content\">\n\t<br \/>\nUnternehmen und Organisationen aus der gesamten Wertsch\u00f6pfungskette des Ausser-Haus-Konsums: Von Produzenten und verarbeitenden Betrieben \u00fcber Grossh\u00e4ndler, Gastgewerbe&nbsp;und Verb\u00e4nde hin zu Non-Profit Organisationen des Food Service Sektors.<br \/>\n\n\t<\/div>\n\n\t<\/div>\n\t<\/div><div class=\"col-md-4\">\n\t<div class=\"box\">\n\t<div class=\"box-title\">\n\t<h2>Was kostet eine Mitgliedschaft?<\/h2>\n\t<\/div>\n\t<div class=\"box-image\">\n\t<img decoding=\"async\" data-src=\"https:\/\/united-against-waste.ch\/wp-content\/themes\/united-against-waste\/assets\/img\/icon-money.png\" alt=\"money\" width=\"150\" height=\"150\" src=\"data:image\/svg+xml;base64,PHN2ZyB3aWR0aD0iMSIgaGVpZ2h0PSIxIiB4bWxucz0iaHR0cDovL3d3dy53My5vcmcvMjAwMC9zdmciPjwvc3ZnPg==\" class=\"lazyload\" style=\"--smush-placeholder-width: 150px; --smush-placeholder-aspect-ratio: 150\/150;\">\n\t<\/div>\n\t<div class=\"box-content\">\n\t<br \/>\nDer Verein United Against Waste finanziert sich \u00fcber die Mitgliedsbeitr\u00e4ge. Die j\u00e4hrlichen Beitr\u00e4ge&nbsp;richten sich nach Unternehmensgr\u00f6sse und Organisationstyp. Details zur Mitgliedschaft und die Beitragsskala finden Sie&nbsp;<a href=\"https:\/\/united-against-waste.ch\/uploads\/2013\/11\/United-Against-Waste-Mitgliedschaftsanmeldung.pdf\">hier<\/a>.<br \/>\n\n\t<\/div>\n\n\t<\/div>\n\t<\/div><\/div>\n<h3>Interesse? Melden Sie sich mit folgendem Formular als Mitglied von United Against Waste an:<\/h3>\n<div class=\"row white fullwidth\"><br \/>\n\n<div class=\"wpcf7 no-js\" id=\"wpcf7-f53-o1\" lang=\"de-DE\" dir=\"ltr\" data-wpcf7-id=\"53\">\n<div class=\"screen-reader-response\"><p role=\"status\" aria-live=\"polite\" aria-atomic=\"true\"><\/p> <ul><\/ul><\/div>\n<form action=\"\/fr\/wp-json\/wp\/v2\/pages\/310#wpcf7-f53-o1\" method=\"post\" class=\"wpcf7-form init\" aria-label=\"Contact form\" novalidate=\"novalidate\" data-status=\"init\">\n<fieldset class=\"hidden-fields-container\"><input type=\"hidden\" name=\"_wpcf7\" value=\"53\" \/><input type=\"hidden\" name=\"_wpcf7_version\" value=\"6.1.5\" \/><input type=\"hidden\" name=\"_wpcf7_locale\" value=\"de_DE\" \/><input type=\"hidden\" name=\"_wpcf7_unit_tag\" value=\"wpcf7-f53-o1\" \/><input type=\"hidden\" name=\"_wpcf7_container_post\" value=\"0\" \/><input type=\"hidden\" name=\"_wpcf7_posted_data_hash\" value=\"\" \/>\n<\/fieldset>\n<aside id=\"full-member-form\">\n\t<aside class=\"row\">\n\t\t<aside class=\"col-md-6 members-form\">\n\t\t\t<h3 class=\"form-title\">Organisation\n\t\t\t<\/h3>\n\t\t\t<aside class=\"form-group members-form\">\n\t\t\t\t<p><label for=\"\" class=\"col-sm-2 control-label form-grid form-input\">Name:<\/label>\n\t\t\t\t<\/p>\n\t\t\t\t<aside class=\"col-sm-10 form-grid\" >\n\t\t\t\t\t<p><span class=\"wpcf7-form-control-wrap\" data-name=\"name-der-organisation\"><input size=\"40\" maxlength=\"400\" class=\"wpcf7-form-control wpcf7-text wpcf7-validates-as-required\" aria-required=\"true\" aria-invalid=\"false\" value=\"\" type=\"text\" name=\"name-der-organisation\" \/><\/span>\n\t\t\t\t\t<\/p>\n\t\t\t\t<\/aside>\n\t\t\t<\/aside>\n\t\t\t<aside class=\"form-group members-form\">\n\t\t\t\t<p><label for=\"\" class=\"col-sm-3 control-label form-grid form-input\">Strasse \/ Nr:<\/label>\n\t\t\t\t<\/p>\n\t\t\t\t<aside class=\"col-sm-9 form-grid\" >\n\t\t\t\t\t<p><span class=\"wpcf7-form-control-wrap\" data-name=\"strasse\"><input size=\"40\" maxlength=\"400\" class=\"wpcf7-form-control wpcf7-text wpcf7-validates-as-required\" aria-required=\"true\" aria-invalid=\"false\" value=\"\" type=\"text\" name=\"strasse\" \/><\/span>\n\t\t\t\t\t<\/p>\n\t\t\t\t<\/aside>\n\t\t\t<\/aside>\n\t\t\t<aside class=\"form-group members-form\">\n\t\t\t\t<p><label for=\"\" class=\"col-sm-2 control-label form-grid form-input\">Postfach:<\/label>\n\t\t\t\t<\/p>\n\t\t\t\t<aside class=\"col-sm-10 form-grid\" >\n\t\t\t\t\t<p><span class=\"wpcf7-form-control-wrap\" data-name=\"postfach\"><input size=\"40\" maxlength=\"400\" class=\"wpcf7-form-control wpcf7-text\" aria-invalid=\"false\" value=\"\" type=\"text\" name=\"postfach\" \/><\/span>\n\t\t\t\t\t<\/p>\n\t\t\t\t<\/aside>\n\t\t\t<\/aside>\n\t\t\t<aside class=\"form-group members-form\">\n\t\t\t\t<p><label for=\"\" class=\"col-sm-2 control-label form-grid form-input\">Zus\u00e4tze:<\/label>\n\t\t\t\t<\/p>\n\t\t\t\t<aside class=\"col-sm-10 form-grid\" >\n\t\t\t\t\t<p><span class=\"wpcf7-form-control-wrap\" data-name=\"zusatze\"><input size=\"40\" maxlength=\"400\" class=\"wpcf7-form-control wpcf7-text\" aria-invalid=\"false\" value=\"\" type=\"text\" name=\"zusatze\" \/><\/span>\n\t\t\t\t\t<\/p>\n\t\t\t\t<\/aside>\n\t\t\t<\/aside>\n\t\t\t<aside class=\"form-group members-form\">\n\t\t\t\t<p><label for=\"\" class=\"col-sm-2 control-label form-grid form-input\">PLZ \/ Ort:<\/label>\n\t\t\t\t<\/p>\n\t\t\t\t<aside class=\"col-sm-10 form-grid\" >\n\t\t\t\t\t<p><span class=\"wpcf7-form-control-wrap\" data-name=\"plz\"><input size=\"40\" maxlength=\"400\" class=\"wpcf7-form-control wpcf7-text wpcf7-validates-as-required\" aria-required=\"true\" aria-invalid=\"false\" value=\"\" type=\"text\" name=\"plz\" \/><\/span>\n\t\t\t\t\t<\/p>\n\t\t\t\t<\/aside>\n\t\t\t<\/aside>\n\t\t<\/aside>\n\t\t<aside class=\"col-md-6\">\n\t\t\t<h3 class=\"form-title\">Kontaktperson\n\t\t\t<\/h3>\n\t\t\t<aside class=\"form-group members-form\">\n\t\t\t\t<p><label for=\"\" class=\"col-sm-3 control-label form-grid form-input\">Name, Vorname:<\/label>\n\t\t\t\t<\/p>\n\t\t\t\t<aside class=\"col-sm-9 form-grid\" >\n\t\t\t\t\t<p><span class=\"wpcf7-form-control-wrap\" data-name=\"username\"><input size=\"40\" maxlength=\"400\" class=\"wpcf7-form-control wpcf7-text wpcf7-validates-as-required\" aria-required=\"true\" aria-invalid=\"false\" value=\"\" type=\"text\" name=\"username\" \/><\/span>\n\t\t\t\t\t<\/p>\n\t\t\t\t<\/aside>\n\t\t\t<\/aside>\n\t\t\t<aside class=\"form-group members-form\">\n\t\t\t\t<p><label for=\"\" class=\"col-sm-2 control-label form-grid form-input\">Position:<\/label>\n\t\t\t\t<\/p>\n\t\t\t\t<aside class=\"col-sm-10 form-grid\" >\n\t\t\t\t\t<p><span class=\"wpcf7-form-control-wrap\" data-name=\"position\"><input size=\"40\" maxlength=\"400\" class=\"wpcf7-form-control wpcf7-text wpcf7-validates-as-required\" aria-required=\"true\" aria-invalid=\"false\" value=\"\" type=\"text\" name=\"position\" \/><\/span>\n\t\t\t\t\t<\/p>\n\t\t\t\t<\/aside>\n\t\t\t<\/aside>\n\t\t\t<aside class=\"form-group members-form\">\n\t\t\t\t<p><label for=\"\" class=\"col-sm-2 control-label form-grid form-input\">E-mail:<\/label>\n\t\t\t\t<\/p>\n\t\t\t\t<aside class=\"col-sm-10 form-grid\" >\n\t\t\t\t\t<p><span class=\"wpcf7-form-control-wrap\" data-name=\"email\"><input size=\"40\" maxlength=\"400\" class=\"wpcf7-form-control wpcf7-email wpcf7-validates-as-required wpcf7-text wpcf7-validates-as-email\" aria-required=\"true\" aria-invalid=\"false\" value=\"\" type=\"email\" name=\"email\" \/><\/span>\n\t\t\t\t\t<\/p>\n\t\t\t\t<\/aside>\n\t\t\t<\/aside>\n\t\t\t<aside class=\"form-group members-form\">\n\t\t\t\t<p><label for=\"\" class=\"col-sm-4 col-md-5 control-label form-grid form-input\">Telefonnummer (direkt):<\/label>\n\t\t\t\t<\/p>\n\t\t\t\t<aside class=\"col-sm-8 col-md-7 form-grid\" >\n\t\t\t\t\t<p><span class=\"wpcf7-form-control-wrap\" data-name=\"telefonnummer\"><input size=\"40\" maxlength=\"400\" class=\"wpcf7-form-control wpcf7-text wpcf7-validates-as-required\" aria-required=\"true\" aria-invalid=\"false\" value=\"\" type=\"text\" name=\"telefonnummer\" \/><\/span>\n\t\t\t\t\t<\/p>\n\t\t\t\t<\/aside>\n\t\t\t<\/aside>\n\t\t\t<aside class=\"form-group members-form\">\n\t\t\t\t<p><label for=\"\" class=\"col-sm-4 control-label form-grid form-input\">Telefon (allgemein):<\/label>\n\t\t\t\t<\/p>\n\t\t\t\t<aside class=\"col-sm-8 form-grid\" >\n\t\t\t\t\t<p><span class=\"wpcf7-form-control-wrap\" data-name=\"telefon\"><input size=\"40\" maxlength=\"400\" class=\"wpcf7-form-control wpcf7-text\" aria-invalid=\"false\" value=\"\" type=\"text\" name=\"telefon\" \/><\/span>\n\t\t\t\t\t<\/p>\n\t\t\t\t<\/aside>\n\t\t\t<\/aside>\n\t\t\t<p><span id=\"website\" class=\"wpcf7-form-control-wrap website-wrap\" ><input type=\"hidden\" name=\"website-time-start\" value=\"1775726042\"><input type=\"hidden\" name=\"website-time-check\" value=\"4\"><input id=\"website\"  placeholder=\"Website-Url\"  class=\"wpcf7-form-control wpcf7-text website\" type=\"text\" name=\"website\" value=\"\" size=\"40\" tabindex=\"-1\" autocomplete=\"new-password\" \/><\/span>\n\t\t\t<\/p>\n\t\t<\/aside>\n\t\t<aside class=\"col-md-7\">\n\t\t\t<aside>\n\t\t\t\t<h3 class=\"form-title bullets-title\">Branche\n\t\t\t\t<\/h3>\n\t\t\t\t<p><span class=\"wpcf7-form-control-wrap\" data-name=\"branch-dropdown\"><select class=\"wpcf7-form-control wpcf7-select wpcf7-validates-as-required branch-dropdown\" aria-required=\"true\" aria-invalid=\"false\" name=\"branch-dropdown\"><option value=\"\">&#8212;Please choose an option&#8212;<\/option><option value=\"Food Service\">Food Service<\/option><option value=\"Landwirtschaft, Verarbeitung und Handel\">Landwirtschaft, Verarbeitung und Handel<\/option><option value=\"NPO und Verb\u00e4nde\">NPO und Verb\u00e4nde<\/option><\/select><\/span>\n\t\t\t\t<\/p>\n\t\t\t<\/aside>\n\t\t\t<div class=\"\">\n\t\t\t\t<p>&nbsp;\n\t\t\t\t<\/p>\n\t\t\t<\/div>\n\t\t\t<aside>\n\t\t\t\t<div class=\"not-specified\">\n\t\t\t\t\t<p><span class=\"wpcf7-form-control-wrap\" data-name=\"jahresumsatz\"><span class=\"wpcf7-form-control wpcf7-radio iCheck\"><span class=\"wpcf7-list-item first last\"><label><input type=\"radio\" name=\"jahresumsatz\" value=\"keine Angabe\" \/><span class=\"wpcf7-list-item-label\">keine Angabe<\/span><\/label><\/span><\/span><\/span>\n\t\t\t\t\t<\/p>\n\t\t\t\t<\/div>\n\t\t\t\t<h3 class=\"form-title bullets-title depending-title\" style=\"visibility: hidden;\">Jahresumsatz (Umsatz)\n\t\t\t\t<\/h3>\n\t\t\t\t<div class=\"foodservice-annualsales\" style=\"display: none;\">\n\t\t\t\t\t<p><span class=\"wpcf7-form-control-wrap\" data-name=\"jahresumsatz\"><span class=\"wpcf7-form-control wpcf7-radio iCheck\"><span class=\"wpcf7-list-item first\"><label><input type=\"radio\" name=\"jahresumsatz\" value=\"bis 5 Mio.\" \/><span class=\"wpcf7-list-item-label\">bis 5 Mio.<\/span><\/label><\/span><span class=\"wpcf7-list-item\"><label><input type=\"radio\" name=\"jahresumsatz\" value=\"5-15 Mio.\" \/><span class=\"wpcf7-list-item-label\">5-15 Mio.<\/span><\/label><\/span><span class=\"wpcf7-list-item\"><label><input type=\"radio\" name=\"jahresumsatz\" value=\"15-25 Mio.\" \/><span class=\"wpcf7-list-item-label\">15-25 Mio.<\/span><\/label><\/span><span class=\"wpcf7-list-item\"><label><input type=\"radio\" name=\"jahresumsatz\" value=\"25-30 Mio.\" \/><span class=\"wpcf7-list-item-label\">25-30 Mio.<\/span><\/label><\/span><span class=\"wpcf7-list-item last\"><label><input type=\"radio\" name=\"jahresumsatz\" value=\"\u00fcber 30 Mio.\" \/><span class=\"wpcf7-list-item-label\">\u00fcber 30 Mio.<\/span><\/label><\/span><\/span><\/span>\n\t\t\t\t\t<\/p>\n\t\t\t\t<\/div>\n\t\t\t\t<div class=\"processing-annualsales\" style=\"display: none;\">\n\t\t\t\t\t<p><span class=\"wpcf7-form-control-wrap\" data-name=\"jahresumsatz\"><span class=\"wpcf7-form-control wpcf7-radio iCheck\"><span class=\"wpcf7-list-item first\"><label><input type=\"radio\" name=\"jahresumsatz\" value=\"bis 5 Mio.\" \/><span class=\"wpcf7-list-item-label\">bis 5 Mio.<\/span><\/label><\/span><span class=\"wpcf7-list-item\"><label><input type=\"radio\" name=\"jahresumsatz\" value=\"5-30 Mio.\" \/><span class=\"wpcf7-list-item-label\">5-30 Mio.<\/span><\/label><\/span><span class=\"wpcf7-list-item\"><label><input type=\"radio\" name=\"jahresumsatz\" value=\"30-500 Mio.\" \/><span class=\"wpcf7-list-item-label\">30-500 Mio.<\/span><\/label><\/span><span class=\"wpcf7-list-item last\"><label><input type=\"radio\" name=\"jahresumsatz\" value=\"\u00fcber 500 Mio.\" \/><span class=\"wpcf7-list-item-label\">\u00fcber 500 Mio.<\/span><\/label><\/span><\/span><\/span>\n\t\t\t\t\t<\/p>\n\t\t\t\t<\/div>\n\t\t\t<\/aside>\n\t\t\t<aside class=\"row submit-box\">\n\t\t\t\t<aside class=\"col-sm-4 col-md-4\">\n\t\t\t\t\t<p><input class=\"wpcf7-form-control wpcf7-submit has-spinner\" type=\"submit\" value=\"Senden\" \/>\n\t\t\t\t\t<\/p>\n\t\t\t\t<\/aside>\n\t\t\t\t<aside class=\"col-xs-12 col-sm-8 col-md-8\">\n\t\t\t\t\t<p>Alternativ k\u00f6nnen Sie<br \/>\ndas <a href=\"https:\/\/united-against-waste.ch\/uploads\/2024\/04\/United-Against-Waste_Mitgliedschaftsanmeldung_2024_DE.pdf\" target=\"_blank\">Anmeldeformular<\/a> herunterladen und uns ausgef\u00fcllt per Mail an <a href=\"mailto:info@united-against-waste.ch\">info@united-against-waste.ch<\/a> senden.\n\t\t\t\t\t<\/p>\n\t\t\t\t<\/aside>\n\t\t\t<\/aside>\n\t\t<\/aside>\n\t\t<aside class=\"col-md-5\">\n\t\t\t<aside id=\"question-form\">\n\t\t\t\t<div class=\"question-form-inner\">\n\t\t\t\t\t<p class=\"question\">?\n\t\t\t\t\t<\/p>\n\t\t\t\t\t<p class=\"question-title\">Bei weiteren Fragen<br \/>\nkontaktieren Sie uns:\n\t\t\t\t\t<\/p>\n\t\t\t\t\t<p class=\"question-info\">T: +41 (0)31 331 16 16\n\t\t\t\t\t<\/p>\n\t\t\t\t\t<p class=\"question-info\">E: info@united-against-waste.ch\n\t\t\t\t\t<\/p>\n\t\t\t\t<\/div>\n\t\t\t<\/aside>\n\t\t<\/aside>\n\t<\/aside>\n<\/aside>\n<p><script>\n $(document).ready(function() {\n $(window).load(function() {\n $(\".not-specified .jahresumsatz .first label\").click();\n });\n\n $(\"select[name='branch-dropdown']\").change(function() {\n if ($(this).val() == \"Food Service\") {\n \/\/ alert(\"FoodService ausgew\u00e4hlt\");\n $(\".foodservice-annualsales .jahresumsatz .first label\").click();\n $(\".depending-title\").css('visibility', 'visible');\n $(\".foodservice-annualsales\").show();\n $(\".processing-annualsales\").hide();\n } else if ($(this).val() == \"Landwirtschaft, Verarbeitung und Handel\") {\n \/\/ alert(\"Landwirtschaft, Verarbeitung und Handel ausgew\u00e4hlt\");\n $(\".processing-annualsales .jahresumsatz .first label\").click();\n $(\".depending-title\").css('visibility', 'visible');\n $(\".foodservice-annualsales\").hide();\n $(\".processing-annualsales\").show();\n } else if ($(this).val() == \"NPO und Verb\u00e4nde\") {\n \/\/ alert(\"NPO und Verb\u00e4nde\");\n $(\".not-specified .jahresumsatz .first label\").click();\n $(\".depending-title\").css('visibility', 'hidden');\n $(\".foodservice-annualsales\").hide();\n $(\".processing-annualsales\").hide();\n } else if ($(this).val() == \"\") {\n \/\/ alert(\"---\");\n $(\".not-specified .jahresumsatz .first label\").click();\n $(\".depending-title\").css('visibility', 'hidden');\n $(\".foodservice-annualsales\").hide();\n $(\".processing-annualsales\").hide();\n }\n });\n });\n<\/script>\n<\/p><input type='hidden' class='wpcf7-pum' value='{\"closepopup\":false,\"closedelay\":0,\"openpopup\":false,\"openpopup_id\":0}' \/><div class=\"wpcf7-response-output\" aria-hidden=\"true\"><\/div>\n<\/form>\n<\/div>\n<br \/>\n<\/div>\n","protected":false},"excerpt":{"rendered":"<p>Interesse? Melden Sie sich mit folgendem Formular als Mitglied von United Against Waste an:<\/p>\n","protected":false},"author":271,"featured_media":1461,"parent":0,"menu_order":10,"comment_status":"open","ping_status":"open","template":"page-join.php","meta":{"inline_featured_image":false,"footnotes":""},"class_list":["post-310","page","type-page","status-publish","has-post-thumbnail","hentry"],"acf":[],"aioseo_notices":[],"_links":{"self":[{"href":"https:\/\/united-against-waste.ch\/fr\/wp-json\/wp\/v2\/pages\/310","targetHints":{"allow":["GET"]}}],"collection":[{"href":"https:\/\/united-against-waste.ch\/fr\/wp-json\/wp\/v2\/pages"}],"about":[{"href":"https:\/\/united-against-waste.ch\/fr\/wp-json\/wp\/v2\/types\/page"}],"author":[{"embeddable":true,"href":"https:\/\/united-against-waste.ch\/fr\/wp-json\/wp\/v2\/users\/271"}],"replies":[{"embeddable":true,"href":"https:\/\/united-against-waste.ch\/fr\/wp-json\/wp\/v2\/comments?post=310"}],"version-history":[{"count":51,"href":"https:\/\/united-against-waste.ch\/fr\/wp-json\/wp\/v2\/pages\/310\/revisions"}],"predecessor-version":[{"id":9590,"href":"https:\/\/united-against-waste.ch\/fr\/wp-json\/wp\/v2\/pages\/310\/revisions\/9590"}],"wp:featuredmedia":[{"embeddable":true,"href":"https:\/\/united-against-waste.ch\/fr\/wp-json\/wp\/v2\/media\/1461"}],"wp:attachment":[{"href":"https:\/\/united-against-waste.ch\/fr\/wp-json\/wp\/v2\/media?parent=310"}],"curies":[{"name":"wp","href":"https:\/\/api.w.org\/{rel}","templated":true}]}}